{"id":141,"date":"2023-01-11T21:33:55","date_gmt":"2023-01-11T20:33:55","guid":{"rendered":"https:\/\/www.pomoc24.se\/?page_id=141"},"modified":"2026-02-03T10:55:35","modified_gmt":"2026-02-03T09:55:35","slug":"o-nas","status":"publish","type":"page","link":"https:\/\/www.pomoc24.se\/?page_id=141","title":{"rendered":"O Firmie:"},"content":{"rendered":"\n<p>Prowadz\u0105cym zesp\u00f3\u0142 oraz odpowiedzialnym za prawid\u0142owe funkcjonowanie niniejszej strony jest mgr in\u017c. Marek Ha\u0142adyn.<\/p>\n\n\n\n<figure class=\"wp-block-image size-large\"><img loading=\"lazy\" decoding=\"async\" width=\"1024\" height=\"617\" src=\"https:\/\/www.pomoc24.se\/wp-content\/uploads\/2025\/08\/Strona-1024x617.jpg\" alt=\"\" class=\"wp-image-736\" srcset=\"https:\/\/www.pomoc24.se\/wp-content\/uploads\/2025\/08\/Strona-1024x617.jpg 1024w, https:\/\/www.pomoc24.se\/wp-content\/uploads\/2025\/08\/Strona-300x181.jpg 300w, https:\/\/www.pomoc24.se\/wp-content\/uploads\/2025\/08\/Strona-768x463.jpg 768w, https:\/\/www.pomoc24.se\/wp-content\/uploads\/2025\/08\/Strona.jpg 1502w\" sizes=\"auto, (max-width: 1024px) 100vw, 1024px\" \/><\/figure>\n\n\n\n<p>Marek posiada niezb\u0119dna wiedz\u0119, praktyk\u0119 oraz do\u015bwiadczenie zawodowe nabyte w trakcie ponad 19-letniego pobytu w Szwecji (przyjazd czerwiec 2006).<\/p>\n\n\n\n<p>Marek prowadzi osobi\u015bcie od blisko 18 lat wielobran\u017cowa dzia\u0142alno\u015b\u0107 gospodarcz\u0105 w Szwecji. Posiada szerok\u0105 wiedz\u0119 na temat og\u00f3lnych przepis\u00f3w panuj\u0105cych w kraju &#8211; w tym r\u00f3wnie\u017c przepis\u00f3w gospodarczych &#8211; niezb\u0119dnych do prawid\u0142owego udzielania porad w zakresie obj\u0119tych zleceniem. <\/p>\n\n\n\n<p>Marek posiada r\u00f3wnie\u017c 18-letni\u0105 praktyk\u0119 ekonomiczn\u0105 w zakresie prowadzenia ksi\u0119gowo\u015bci i rachunkowo\u015bci firm. Jak r\u00f3wnie\u017c wieloletnie do\u015bwiadczenie w rozliczaniu deklaracji podatkowych od os\u00f3b fizycznych.<\/p>\n\n\n\n<p>Dzia\u0142alno\u015b\u0107 konsultingowa jest zarejestrowana w szwedzkim Bolagsverket jako wydzielona cz\u0119\u015b\u0107 dzia\u0142alno\u015bci firmy Mareks Data. Od prowadzonej konsultacji s\u0105 odprowadzane wszystkie nale\u017cne podatki w tym podatek VAT. G\u0142\u00f3wna siedziba firmy znajduje si\u0119 w Malm\u00f6 w po\u0142udniowej Szwecji.<\/p>\n\n\n\n<p>Ka\u017cda sprawa rozpatrywana jest indywidualnie &#8211; wg najlepszej wiedzy &#8211; i zgodnie z dostarczonymi w sprawie dokumentami.<\/p>\n\n\n\n<p>W sprawach bardziej skomplikowanych firma wsp\u00f3\u0142pracuje z grup\u0105 autoryzowanych biur t\u0142umacze\u0144 oraz kancelariami prawnymi &#8211; zdolnymi do poprowadzenia ka\u017cdej sprawy s\u0105dowej czy odwo\u0142awczej na terenie Szwecji.<\/p>\n\n\n\n<p>Serdecznie zapraszam do zadawania pyta\u0144 !! Pierwszy kontakt mailowy czy telefoniczny w sprawie jest zawsze z naszej strony bezp\u0142atny.<\/p>\n\n\n\n<p>Skanuj\u0105c kod QR umieszczony przy zdj\u0119ciu zostaniesz przekierowany do naszej grupy na Facebooku &#8211; gdzie mo\u017cna r\u00f3wnie\u017c uzyska\u0107 rzeczow\u0105 pomoc i zada\u0107 swoje pytanie r\u00f3wnie\u017c t\u0105 drog\u0105.<\/p>\n\n\n\n<p>Zapraszam do dyskusji oraz do sk\u0142adania indywidualnych zlece\u0144 na konsultacje !! Na ka\u017cde zg\u0142oszenie odpowiadamy max w 24 h od jego z\u0142o\u017cenia.<\/p>\n\n\n\n<p>Zg\u0142oszenia mailowe: <a href=\"mailto:info@pomoc24.se\">info@pomoc24.se<\/a>, <a href=\"mailto:podatki@pomoc24.se\">podatki@pomoc24.se<\/a>, <a href=\"mailto:dlugi@pomoc24.se\">dlugi@pomoc24.se<\/a><\/p>\n\n\n\n<p>\u00a9 Mareks Data 2023<\/p>\n\n\n\n<p><\/p>\n","protected":false},"excerpt":{"rendered":"<p>Prowadz\u0105cym zesp\u00f3\u0142 oraz odpowiedzialnym za prawid\u0142owe funkcjonowanie niniejszej strony jest mgr in\u017c. Marek Ha\u0142adyn. Marek posiada niezb\u0119dna wiedz\u0119, praktyk\u0119 oraz do\u015bwiadczenie zawodowe nabyte w trakcie ponad 19-letniego pobytu w Szwecji (przyjazd czerwiec 2006). Marek prowadzi osobi\u015bcie od blisko 18 lat &hellip; <a href=\"https:\/\/www.pomoc24.se\/?page_id=141\">Forts\u00e4tt l\u00e4sa <span class=\"meta-nav\">&rarr;<\/span><\/a><\/p>\n","protected":false},"author":2,"featured_media":0,"parent":0,"menu_order":0,"comment_status":"closed","ping_status":"closed","template":"","meta":{"footnotes":""},"class_list":["post-141","page","type-page","status-publish","hentry"],"_links":{"self":[{"href":"https:\/\/www.pomoc24.se\/index.php?rest_route=\/wp\/v2\/pages\/141","targetHints":{"allow":["GET"]}}],"collection":[{"href":"https:\/\/www.pomoc24.se\/index.php?rest_route=\/wp\/v2\/pages"}],"about":[{"href":"https:\/\/www.pomoc24.se\/index.php?rest_route=\/wp\/v2\/types\/page"}],"author":[{"embeddable":true,"href":"https:\/\/www.pomoc24.se\/index.php?rest_route=\/wp\/v2\/users\/2"}],"replies":[{"embeddable":true,"href":"https:\/\/www.pomoc24.se\/index.php?rest_route=%2Fwp%2Fv2%2Fcomments&post=141"}],"version-history":[{"count":64,"href":"https:\/\/www.pomoc24.se\/index.php?rest_route=\/wp\/v2\/pages\/141\/revisions"}],"predecessor-version":[{"id":771,"href":"https:\/\/www.pomoc24.se\/index.php?rest_route=\/wp\/v2\/pages\/141\/revisions\/771"}],"wp:attachment":[{"href":"https:\/\/www.pomoc24.se\/index.php?rest_route=%2Fwp%2Fv2%2Fmedia&parent=141"}],"curies":[{"name":"wp","href":"https:\/\/api.w.org\/{rel}","templated":true}]}}