{"id":152,"date":"2023-01-30T12:44:11","date_gmt":"2023-01-30T11:44:11","guid":{"rendered":"https:\/\/www.pomoc24.se\/?page_id=152"},"modified":"2026-02-17T14:35:41","modified_gmt":"2026-02-17T13:35:41","slug":"test","status":"publish","type":"page","link":"https:\/\/www.pomoc24.se\/","title":{"rendered":"Strona G\u0142\u00f3wna"},"content":{"rendered":"\n<p><strong><mark style=\"background-color:rgba(0, 0, 0, 0)\" class=\"has-inline-color has-black-color\">Witamy na stronie po\u015bwi\u0119conej sprawom us\u0142ugowego \u015bwiadczenia pomocy dla Polak\u00f3w przyje\u017cd\u017caj\u0105cych do Szwecji w celu osiedlenia si\u0119 tutaj na sta\u0142e, do pracy jak r\u00f3wnie\u017c dla os\u00f3b ju\u017c mieszkaj\u0105cych w Szwecji i szukaj\u0105cych pomocy w kontaktach z r\u00f3\u017cnymi urz\u0119dami i instytucjami pa\u0144stwowymi w Szwecji.<\/mark><\/strong><\/p>\n\n\n\n<p><strong><mark style=\"background-color:rgba(0, 0, 0, 0);color:#7d3e0b\" class=\"has-inline-color\">Nasza strona ma na celu sprawne i rzeczowe zapewnienie pomocy rodakom, kt\u00f3rzy znale\u017ali si\u0119 w potrzebie kontaktu z jak\u0105\u015b instytucj\u0105 czy urz\u0119dem w Szwecji &#8211; i nie bardzo wiedz\u0105 jak to zrobi\u0107. Ew. nie znaj\u0105 tutejszych przepis\u00f3w lub j\u0119zyka szwedzkiego &#8211; by efektywnie i w prawid\u0142owy spos\u00f3b rozwi\u0105za\u0107 problem.<\/mark><\/strong><\/p>\n\n\n\n<p><strong><mark style=\"background-color:rgba(0, 0, 0, 0)\" class=\"has-inline-color has-blue-color\">Przyjecha\u0142e\u015b do Szwecji i nie wiesz od czego zacz\u0105\u0107 ? <\/mark><\/strong><\/p>\n\n\n\n<p><strong><mark style=\"background-color:rgba(0, 0, 0, 0);color:#20cc00\" class=\"has-inline-color\">Dosta\u0142e\u015b jakie\u015b pismo i nie wiesz co z nim dalej nale\u017cy zrobi\u0107 ? <\/mark><\/strong><\/p>\n\n\n\n<p><strong><mark style=\"background-color:rgba(0, 0, 0, 0);color:#cc7300\" class=\"has-inline-color\">Chcesz zapisa\u0107 si\u0119 do Urz\u0119du Pracy i chcesz by kto\u015b poprowadzi\u0142 ci\u0119 &#8221;krok po kroku&#8221; przez g\u0105szcz czynno\u015bci jakie nale\u017cy wykonywa\u0107 by urz\u0105d uzna\u0142 ci\u0119 za aktywnie poszukuj\u0105cego pracy ? <\/mark><\/strong><\/p>\n\n\n\n<p><strong><mark style=\"background-color:rgba(0, 0, 0, 0);color:#b000cc\" class=\"has-inline-color\">Chcesz otworzy\u0107 w\u0142asn\u0105 firm\u0119 i potrzebujesz pomocy przy jej rejestracji oraz prowadzeniu bie\u017c\u0105cej ksi\u0119gowo\u015bci firmy ? <\/mark><\/strong><\/p>\n\n\n\n<p><mark style=\"background-color:rgba(0, 0, 0, 0);color:#0098cc\" class=\"has-inline-color\"><strong>Masz rodzin\u0119 i chcesz zawnioskowa\u0107 o \u015bwiadczenia rodzinne tu w Szwecji wg prawa Unii Europejskiej ?<\/strong> <\/mark><\/p>\n\n\n\n<p><strong><mark style=\"background-color:rgba(0, 0, 0, 0);color:#cc9600\" class=\"has-inline-color\">Nie wiesz jakiego operatora kom\u00f3rkowego wybra\u0107 i jak zarejestrowa\u0107 posiadan\u0105 przez Ciebie kart\u0119 SIM wg obowi\u0105zuj\u0105cych przepis\u00f3w ? <\/mark><\/strong><\/p>\n\n\n\n<p><strong><mark style=\"background-color:rgba(0, 0, 0, 0)\" class=\"has-inline-color has-blue-color\">Popad\u0142e\u015b w konflikt z prawem i potrzebujesz pomocy adwokata czy radcy prawnego?<\/mark><\/strong><\/p>\n\n\n\n<p><strong><mark style=\"background-color:rgba(0, 0, 0, 0);color:#bc0d0d\" class=\"has-inline-color\">Potrzebujesz pomocy w rozliczeniu corocznej deklaracji podatkowej oraz konsultacji w zakresie dokonania mo\u017cliwych w Szwecji odlicze\u0144 od przychodu i dochodu ?<\/mark><\/strong><\/p>\n\n\n\n<p><strong>Masz inne problemy &#8211; niewymienione tutaj ?<\/strong><\/p>\n\n\n\n<p><strong><mark style=\"background-color:rgba(0, 0, 0, 0);color:#a80000\" class=\"has-inline-color\">Ta strona jest w\u0142a\u015bnie dla Ciebie.<\/mark><\/strong><\/p>\n\n\n\n<p><strong>Je\u015bli masz pytania \u2013 napisz prosz\u0119 maila na:<\/strong>&nbsp;<a rel=\"noreferrer noopener\" href=\"mailto:info@pomoc24.se\" target=\"_blank\"><strong>info@pomoc24.se<\/strong><\/a>&nbsp;<strong>\u2013 postaramy si\u0119 pom\u00f3c tak szybko jak to jest tylko mo\u017cliwe.<\/strong><\/p>\n\n\n\n<p>Nasze biuro w Malm\u00f6 jest czynne <strong>od pon-pt w godz 8-16.<\/strong> Na maile odpowiadamy przewa\u017cnie ca\u0142\u0105 dob\u0119. Je\u015bli masz pytanie &#8211; po prostu <a href=\"mailto: info@pomoc24.se\" data-type=\"mailto\" data-id=\"mailto: info@pomoc24.se\"><strong><mark style=\"background-color:rgba(0, 0, 0, 0)\" class=\"has-inline-color has-blue-color\">napisz<\/mark><\/strong> <strong><mark style=\"background-color:rgba(0, 0, 0, 0)\" class=\"has-inline-color has-blue-color\">do<\/mark><\/strong> <strong><mark style=\"background-color:rgba(0, 0, 0, 0)\" class=\"has-inline-color has-blue-color\">nas<\/mark><\/strong>.<\/a><\/p>\n\n\n\n<p><\/p>\n\n\n\n<figure class=\"wp-block-image size-full\"><img loading=\"lazy\" decoding=\"async\" width=\"726\" height=\"720\" src=\"https:\/\/www.pomoc24.se\/wp-content\/uploads\/2023\/01\/the-weight-of-the-2033590_960_720.png\" alt=\"\" class=\"wp-image-212\" srcset=\"https:\/\/www.pomoc24.se\/wp-content\/uploads\/2023\/01\/the-weight-of-the-2033590_960_720.png 726w, https:\/\/www.pomoc24.se\/wp-content\/uploads\/2023\/01\/the-weight-of-the-2033590_960_720-300x298.png 300w, https:\/\/www.pomoc24.se\/wp-content\/uploads\/2023\/01\/the-weight-of-the-2033590_960_720-150x150.png 150w\" sizes=\"auto, (max-width: 726px) 100vw, 726px\" \/><\/figure>\n","protected":false},"excerpt":{"rendered":"<p>Witamy na stronie po\u015bwi\u0119conej sprawom us\u0142ugowego \u015bwiadczenia pomocy dla Polak\u00f3w przyje\u017cd\u017caj\u0105cych do Szwecji w celu osiedlenia si\u0119 tutaj na sta\u0142e, do pracy jak r\u00f3wnie\u017c dla os\u00f3b ju\u017c mieszkaj\u0105cych w Szwecji i szukaj\u0105cych pomocy w kontaktach z r\u00f3\u017cnymi urz\u0119dami i instytucjami &hellip; <a href=\"https:\/\/www.pomoc24.se\/\">Forts\u00e4tt l\u00e4sa <span class=\"meta-nav\">&rarr;<\/span><\/a><\/p>\n","protected":false},"author":2,"featured_media":0,"parent":0,"menu_order":0,"comment_status":"closed","ping_status":"closed","template":"","meta":{"footnotes":""},"class_list":["post-152","page","type-page","status-publish","hentry"],"_links":{"self":[{"href":"https:\/\/www.pomoc24.se\/index.php?rest_route=\/wp\/v2\/pages\/152","targetHints":{"allow":["GET"]}}],"collection":[{"href":"https:\/\/www.pomoc24.se\/index.php?rest_route=\/wp\/v2\/pages"}],"about":[{"href":"https:\/\/www.pomoc24.se\/index.php?rest_route=\/wp\/v2\/types\/page"}],"author":[{"embeddable":true,"href":"https:\/\/www.pomoc24.se\/index.php?rest_route=\/wp\/v2\/users\/2"}],"replies":[{"embeddable":true,"href":"https:\/\/www.pomoc24.se\/index.php?rest_route=%2Fwp%2Fv2%2Fcomments&post=152"}],"version-history":[{"count":60,"href":"https:\/\/www.pomoc24.se\/index.php?rest_route=\/wp\/v2\/pages\/152\/revisions"}],"predecessor-version":[{"id":776,"href":"https:\/\/www.pomoc24.se\/index.php?rest_route=\/wp\/v2\/pages\/152\/revisions\/776"}],"wp:attachment":[{"href":"https:\/\/www.pomoc24.se\/index.php?rest_route=%2Fwp%2Fv2%2Fmedia&parent=152"}],"curies":[{"name":"wp","href":"https:\/\/api.w.org\/{rel}","templated":true}]}}