{"id":187,"date":"2023-01-30T18:46:48","date_gmt":"2023-01-30T17:46:48","guid":{"rendered":"https:\/\/www.pomoc24.se\/?page_id=187"},"modified":"2024-08-25T09:57:16","modified_gmt":"2024-08-25T07:57:16","slug":"reklama","status":"publish","type":"page","link":"https:\/\/www.pomoc24.se\/?page_id=187","title":{"rendered":"Reklama zewn\u0119trzna"},"content":{"rendered":"\n<figure class=\"wp-block-gallery has-nested-images columns-default is-cropped wp-block-gallery-1 is-layout-flex wp-block-gallery-is-layout-flex\">\n<figure class=\"wp-block-image size-large\"><img loading=\"lazy\" decoding=\"async\" width=\"853\" height=\"605\" data-id=\"190\" src=\"https:\/\/www.pomoc24.se\/wp-content\/uploads\/2023\/01\/Screenshot_20230130-1854402.png\" alt=\"\" class=\"wp-image-190\" srcset=\"https:\/\/www.pomoc24.se\/wp-content\/uploads\/2023\/01\/Screenshot_20230130-1854402.png 853w, https:\/\/www.pomoc24.se\/wp-content\/uploads\/2023\/01\/Screenshot_20230130-1854402-300x213.png 300w, https:\/\/www.pomoc24.se\/wp-content\/uploads\/2023\/01\/Screenshot_20230130-1854402-768x545.png 768w\" sizes=\"auto, (max-width: 853px) 100vw, 853px\" \/><\/figure>\n<\/figure>\n\n\n\n<h2 class=\"wp-block-heading\"><mark style=\"background-color:rgba(0, 0, 0, 0)\" class=\"has-inline-color has-blue-color\"><strong><a href=\"mailto: marek@solidiastad.se\" data-type=\"mailto\" data-id=\"mailto: marek@solidiastad.se\">Zamawianie kurs\u00f3w tu<\/a><\/strong><\/mark><strong><mark style=\"background-color:rgba(0, 0, 0, 0);color:#702d0c\" class=\"has-inline-color\"> &#8211; min 24 h przed kursem<\/mark><\/strong>.<\/h2>\n\n\n\n<figure class=\"wp-block-image size-full is-resized\"><img loading=\"lazy\" decoding=\"async\" src=\"https:\/\/www.pomoc24.se\/wp-content\/uploads\/2023\/01\/Solidia-Stad-1-1.jpg\" alt=\"\" class=\"wp-image-198\" width=\"671\" height=\"414\" srcset=\"https:\/\/www.pomoc24.se\/wp-content\/uploads\/2023\/01\/Solidia-Stad-1-1.jpg 1008w, https:\/\/www.pomoc24.se\/wp-content\/uploads\/2023\/01\/Solidia-Stad-1-1-300x186.jpg 300w, https:\/\/www.pomoc24.se\/wp-content\/uploads\/2023\/01\/Solidia-Stad-1-1-768x475.jpg 768w\" sizes=\"auto, (max-width: 671px) 100vw, 671px\" \/><\/figure>\n\n\n\n<h2 class=\"has-text-align-center wp-block-heading\"><strong><mark style=\"background-color:rgba(0, 0, 0, 0)\" class=\"has-inline-color has-blue-color\">Najlepsza firma sprz\u0105taj\u0105ca na rynku !! Serdecznie zapraszamy !!<\/mark><\/strong><\/h2>\n\n\n\n<h2 class=\"has-text-align-center wp-block-heading\"><strong><a href=\"mailto: info@solidiastad.se\" data-type=\"mailto\" data-id=\"mailto: info@solidiastad.se\">Kliknij tu by zam\u00f3wi\u0107 sprz\u0105tanie domu lub mieszkania<\/a><\/strong> \ud83d\ude42<\/h2>\n\n\n\n<figure class=\"wp-block-image size-large is-resized\"><img loading=\"lazy\" decoding=\"async\" src=\"https:\/\/www.pomoc24.se\/wp-content\/uploads\/2023\/01\/2023-01-31_0328022-1024x709.jpg\" alt=\"\" class=\"wp-image-233\" width=\"725\" height=\"502\" srcset=\"https:\/\/www.pomoc24.se\/wp-content\/uploads\/2023\/01\/2023-01-31_0328022-1024x709.jpg 1024w, https:\/\/www.pomoc24.se\/wp-content\/uploads\/2023\/01\/2023-01-31_0328022-300x208.jpg 300w, https:\/\/www.pomoc24.se\/wp-content\/uploads\/2023\/01\/2023-01-31_0328022-768x532.jpg 768w, https:\/\/www.pomoc24.se\/wp-content\/uploads\/2023\/01\/2023-01-31_0328022-1536x1064.jpg 1536w, https:\/\/www.pomoc24.se\/wp-content\/uploads\/2023\/01\/2023-01-31_0328022.jpg 1925w\" sizes=\"auto, (max-width: 725px) 100vw, 725px\" \/><\/figure>\n\n\n\n<h2 class=\"has-text-align-center wp-block-heading\"><strong><a href=\"mailto: mx.data.22@gmail.com\" data-type=\"mailto\" data-id=\"mailto: mx.data.22@gmail.com\">Zamawianie do\u0142adowa\u0144 &#8211; kliknij tutaj <\/a><\/strong><\/h2>\n\n\n\n<p> <\/p>\n\n\n\n<p> <\/p>\n\n\n\n<h2 class=\"has-text-align-center wp-block-heading\"><mark style=\"background-color:rgba(0, 0, 0, 0);color:#cc0000\" class=\"has-inline-color\"><strong>Firmy i osoby zainteresowane reklam\u0105 na naszych stronach prosimy o kontakt:<\/strong><\/mark> <a href=\"mailto:info@pomoc24.se\">info@pomoc24.se<\/a><\/h2>\n\n\n\n<h2 class=\"has-text-align-center wp-block-heading\"><strong>Zapraszamy !!<\/strong><\/h2>\n\n\n\n<p><\/p>\n\n\n\n<h2 class=\"wp-block-heading\">\u00a9 Mareks Data 2023<\/h2>\n","protected":false},"excerpt":{"rendered":"<p>Zamawianie kurs\u00f3w tu &#8211; min 24 h przed kursem. Najlepsza firma sprz\u0105taj\u0105ca na rynku !! Serdecznie zapraszamy !! Kliknij tu by zam\u00f3wi\u0107 sprz\u0105tanie domu lub mieszkania \ud83d\ude42 Zamawianie do\u0142adowa\u0144 &#8211; kliknij tutaj Firmy i osoby zainteresowane reklam\u0105 na naszych stronach &hellip; <a href=\"https:\/\/www.pomoc24.se\/?page_id=187\">Forts\u00e4tt l\u00e4sa <span class=\"meta-nav\">&rarr;<\/span><\/a><\/p>\n","protected":false},"author":2,"featured_media":0,"parent":0,"menu_order":0,"comment_status":"closed","ping_status":"closed","template":"","meta":{"footnotes":""},"class_list":["post-187","page","type-page","status-publish","hentry"],"_links":{"self":[{"href":"https:\/\/www.pomoc24.se\/index.php?rest_route=\/wp\/v2\/pages\/187","targetHints":{"allow":["GET"]}}],"collection":[{"href":"https:\/\/www.pomoc24.se\/index.php?rest_route=\/wp\/v2\/pages"}],"about":[{"href":"https:\/\/www.pomoc24.se\/index.php?rest_route=\/wp\/v2\/types\/page"}],"author":[{"embeddable":true,"href":"https:\/\/www.pomoc24.se\/index.php?rest_route=\/wp\/v2\/users\/2"}],"replies":[{"embeddable":true,"href":"https:\/\/www.pomoc24.se\/index.php?rest_route=%2Fwp%2Fv2%2Fcomments&post=187"}],"version-history":[{"count":78,"href":"https:\/\/www.pomoc24.se\/index.php?rest_route=\/wp\/v2\/pages\/187\/revisions"}],"predecessor-version":[{"id":682,"href":"https:\/\/www.pomoc24.se\/index.php?rest_route=\/wp\/v2\/pages\/187\/revisions\/682"}],"wp:attachment":[{"href":"https:\/\/www.pomoc24.se\/index.php?rest_route=%2Fwp%2Fv2%2Fmedia&parent=187"}],"curies":[{"name":"wp","href":"https:\/\/api.w.org\/{rel}","templated":true}]}}