{"id":28,"date":"2023-01-10T21:30:23","date_gmt":"2023-01-10T20:30:23","guid":{"rendered":"https:\/\/www.pomoc24.se\/?page_id=28"},"modified":"2024-11-01T22:39:22","modified_gmt":"2024-11-01T21:39:22","slug":"prowadzimy-sprawy","status":"publish","type":"page","link":"https:\/\/www.pomoc24.se\/?page_id=28","title":{"rendered":"Prowadzone sprawy:"},"content":{"rendered":"\n<ul class=\"wp-block-list\">\n<li>Nadanie personnumeru w Szwecji<\/li>\n\n\n\n<li>Zameldowanie w Szwecji<\/li>\n\n\n\n<li>Umowy o prac\u0119 <\/li>\n\n\n\n<li>Zasi\u0142ki i \u015bwiadczenia na dzieci z Fors\u00e4kringskassan <\/li>\n\n\n\n<li>Otwarcie konta bankowego w Szwecji<\/li>\n\n\n\n<li>Urlopy p\u0142atne i bezp\u0142atne <\/li>\n\n\n\n<li>Prawa pracownik\u00f3w w Szwecji<\/li>\n\n\n\n<li>Otwarcie dzia\u0142alno\u015bci gospodarczej<\/li>\n\n\n\n<li>Wynajem mieszkania <\/li>\n\n\n\n<li>Kontakt z s\u0105dami i prokuratur\u0105<\/li>\n\n\n\n<li>Prawo karne <\/li>\n\n\n\n<li>Sta\u0142y pobyt i obywatelstwo<\/li>\n\n\n\n<li>Rejestracja kart SIM\/Wyb\u00f3r operatora <\/li>\n\n\n\n<li>Deklaracje podatkowe\/Zwrot podatku ze Szwecji <\/li>\n\n\n\n<li>Bank ID &#8211; elektroniczny podpis w Szwecji<\/li>\n\n\n\n<li>Freja ID plus &#8211; podpis elektroniczny dla rezydent\u00f3w szwedzkich bez posiadanego obywatelstwa i konta bankowego w Szwecji<\/li>\n<\/ul>\n\n\n\n<p class=\"has-large-font-size\">Dodatkowo wykonujemy:<\/p>\n\n\n\n<ul class=\"wp-block-list\">\n<li>Pisanie poda\u0144 i odwo\u0142a\u0144 do urz\u0119d\u00f3w i instytucji<\/li>\n\n\n\n<li>T\u0142umaczenia otrzymanych dokument\u00f3w<\/li>\n\n\n\n<li>Osobist\u0105 pomoc merytoryczno &#8211; j\u0119zykow\u0105 podczas wizyt w Statens Servicecenter (Skatteverket, F\u00f6rs\u00e4kringskassan, Arbetsf\u00f6rmedlingen, Pensionsmyndigheten) &#8211; dotyczy terenu Malm\u00f6 i okolic &#8211; do 50 km od miasta<\/li>\n<\/ul>\n\n\n\n<p><\/p>\n\n\n\n<figure class=\"wp-block-image size-large\"><img loading=\"lazy\" decoding=\"async\" width=\"1024\" height=\"1019\" src=\"https:\/\/www.pomoc24.se\/wp-content\/uploads\/2023\/01\/scales-309810_1280-1024x1019.png\" alt=\"\" class=\"wp-image-216\" srcset=\"https:\/\/www.pomoc24.se\/wp-content\/uploads\/2023\/01\/scales-309810_1280-1024x1019.png 1024w, https:\/\/www.pomoc24.se\/wp-content\/uploads\/2023\/01\/scales-309810_1280-300x300.png 300w, https:\/\/www.pomoc24.se\/wp-content\/uploads\/2023\/01\/scales-309810_1280-150x150.png 150w, https:\/\/www.pomoc24.se\/wp-content\/uploads\/2023\/01\/scales-309810_1280-768x764.png 768w, https:\/\/www.pomoc24.se\/wp-content\/uploads\/2023\/01\/scales-309810_1280.png 1280w\" sizes=\"auto, (max-width: 1024px) 100vw, 1024px\" \/><\/figure>\n","protected":false},"excerpt":{"rendered":"<p>Dodatkowo wykonujemy:<\/p>\n","protected":false},"author":2,"featured_media":0,"parent":0,"menu_order":0,"comment_status":"closed","ping_status":"closed","template":"","meta":{"footnotes":""},"class_list":["post-28","page","type-page","status-publish","hentry"],"_links":{"self":[{"href":"https:\/\/www.pomoc24.se\/index.php?rest_route=\/wp\/v2\/pages\/28","targetHints":{"allow":["GET"]}}],"collection":[{"href":"https:\/\/www.pomoc24.se\/index.php?rest_route=\/wp\/v2\/pages"}],"about":[{"href":"https:\/\/www.pomoc24.se\/index.php?rest_route=\/wp\/v2\/types\/page"}],"author":[{"embeddable":true,"href":"https:\/\/www.pomoc24.se\/index.php?rest_route=\/wp\/v2\/users\/2"}],"replies":[{"embeddable":true,"href":"https:\/\/www.pomoc24.se\/index.php?rest_route=%2Fwp%2Fv2%2Fcomments&post=28"}],"version-history":[{"count":48,"href":"https:\/\/www.pomoc24.se\/index.php?rest_route=\/wp\/v2\/pages\/28\/revisions"}],"predecessor-version":[{"id":698,"href":"https:\/\/www.pomoc24.se\/index.php?rest_route=\/wp\/v2\/pages\/28\/revisions\/698"}],"wp:attachment":[{"href":"https:\/\/www.pomoc24.se\/index.php?rest_route=%2Fwp%2Fv2%2Fmedia&parent=28"}],"curies":[{"name":"wp","href":"https:\/\/api.w.org\/{rel}","templated":true}]}}