{"id":421,"date":"2023-03-04T16:18:21","date_gmt":"2023-03-04T15:18:21","guid":{"rendered":"https:\/\/www.pomoc24.se\/?page_id=421"},"modified":"2026-02-03T10:58:19","modified_gmt":"2026-02-03T09:58:19","slug":"deklaracje-podatkowe-2023","status":"publish","type":"page","link":"https:\/\/www.pomoc24.se\/?page_id=421","title":{"rendered":"Deklaracje podatkowe 2025\/2026"},"content":{"rendered":"\n<p>Zbli\u017ca si\u0119 czas corocznych rozlicze\u0144 ze Szwedzkim Urz\u0119dem Skarbowym za doch\u00f3d uzyskany na terenie Szwecji w roku podatkowym 2025.<\/p>\n\n\n\n<p>Je\u017celi pracowa\u0142e\u015b\/a\u015b na terenie Szwecji przez minimum 184 dni w 2025 roku &#8211; musisz rozliczy\u0107 si\u0119 w Szwecji do dnia 1 maja 2026. W wielu przypadkach mo\u017cesz odliczy\u0107 wtedy od podatku wiele ponoszonych w zwi\u0105zku z t\u0105 prac\u0105 koszt\u00f3w np  koszty dojazd\u00f3w do pracy, podw\u00f3jnego zamieszkania tzw dubbel bos\u00e4ttning czy zakup niezb\u0119dnych narz\u0119dzi i odzie\u017cy ochronnej dla Ciebie o ile nie zapewnia ci tego Tw\u00f3j pracodawca. <\/p>\n\n\n\n<p>Powy\u017csze nie dotyczy os\u00f3b kt\u00f3re pracowa\u0142y nie d\u0142u\u017cej ni\u017c 183 dni w Szwecji w roku podatkowym 2025 i by\u0142y opodatkowane tzw podatkiem SINK (s\u00e4rskild inkomstskatt f\u00f6r utomlands bosatta). <\/p>\n\n\n\n<p>Takie osoby musz\u0105 jednak wtedy rozliczy\u0107 si\u0119 w Polsce wg tzw zasady wy\u0142\u0105czenia z progresj\u0105 &#8211; r\u00f3wnie\u017c za dochody uzyskane na terenie Szwecji &#8211; o czym niestety wielu naszych rodak\u00f3w pracuj\u0105cych tu po prostu zapomina.<\/p>\n\n\n\n<p>Rozliczy\u0107 w Polsce musz\u0105 si\u0119 r\u00f3wnie\u017c osoby kt\u00f3re pracowa\u0142y w Szwecji d\u0142u\u017cej ni\u017c wspomniane 183 dni &#8211; je\u017celi ich tzw. &#8221;centrum interes\u00f3w \u017cyciowych&#8221; pozosta\u0142o w Polsce &#8211; na mocy art. 3 ust. 1a ustawy o PIT.<\/p>\n\n\n\n<p>Za niez\u0142o\u017cenie prawid\u0142owo wype\u0142nionego tzw PIT\/ZG b\u0119d\u0105cego za\u0142\u0105cznikiem do zeznania PIT-36 gro\u017c\u0105 w Polsce konsekwencje karno-skarbowe.<\/p>\n\n\n\n<p>Nasza firma zapewnia kompleksow\u0105 pomoc zainteresowanym osobom r\u00f3wnie\u017c w tym zakresie wskazuj\u0105c na spos\u00f3b rozliczenia dochod\u00f3w ze Szwecji jak r\u00f3wnie\u017c mo\u017cliwo\u015b\u0107 odliczenia koszt\u00f3w uzyskania przychodu w Szwecji w polskim PIT &#8211; o czym wi\u0119kszo\u015b\u0107 os\u00f3b tu pracuj\u0105cych po prostu nie wie &#8211; p\u0142ac\u0105c wtedy znacznie zawy\u017cony podatek w kraju pochodzenia.<\/p>\n\n\n\n<p>Rozliczamy r\u00f3wnie\u017c naturalnie szwedzkie deklaracje podatkowe. Cennik za nasze us\u0142ugi znajduje si\u0119 <a href=\"https:\/\/www.pomoc24.se\/?page_id=98\" data-type=\"page\" data-id=\"98\">tutaj.<\/a><\/p>\n\n\n\n<p>Mail: <a href=\"mailto:podatki@pomoc24.se\">podatki@pomoc24.se<\/a><\/p>\n\n\n\n<figure class=\"wp-block-image size-large\"><img loading=\"lazy\" decoding=\"async\" width=\"1024\" height=\"910\" src=\"https:\/\/www.pomoc24.se\/wp-content\/uploads\/2023\/03\/6066753-skattedeklaration-isometrisk-koncept-ikon-i-redigerbar-stil-vector2-1024x910.jpg\" alt=\"\" class=\"wp-image-457\" srcset=\"https:\/\/www.pomoc24.se\/wp-content\/uploads\/2023\/03\/6066753-skattedeklaration-isometrisk-koncept-ikon-i-redigerbar-stil-vector2-1024x910.jpg 1024w, https:\/\/www.pomoc24.se\/wp-content\/uploads\/2023\/03\/6066753-skattedeklaration-isometrisk-koncept-ikon-i-redigerbar-stil-vector2-300x266.jpg 300w, https:\/\/www.pomoc24.se\/wp-content\/uploads\/2023\/03\/6066753-skattedeklaration-isometrisk-koncept-ikon-i-redigerbar-stil-vector2-768x682.jpg 768w, https:\/\/www.pomoc24.se\/wp-content\/uploads\/2023\/03\/6066753-skattedeklaration-isometrisk-koncept-ikon-i-redigerbar-stil-vector2-1536x1364.jpg 1536w, https:\/\/www.pomoc24.se\/wp-content\/uploads\/2023\/03\/6066753-skattedeklaration-isometrisk-koncept-ikon-i-redigerbar-stil-vector2.jpg 1907w\" sizes=\"auto, (max-width: 1024px) 100vw, 1024px\" \/><\/figure>\n","protected":false},"excerpt":{"rendered":"<p>Zbli\u017ca si\u0119 czas corocznych rozlicze\u0144 ze Szwedzkim Urz\u0119dem Skarbowym za doch\u00f3d uzyskany na terenie Szwecji w roku podatkowym 2025. Je\u017celi pracowa\u0142e\u015b\/a\u015b na terenie Szwecji przez minimum 184 dni w 2025 roku &#8211; musisz rozliczy\u0107 si\u0119 w Szwecji do dnia 1 &hellip; <a href=\"https:\/\/www.pomoc24.se\/?page_id=421\">Forts\u00e4tt l\u00e4sa <span class=\"meta-nav\">&rarr;<\/span><\/a><\/p>\n","protected":false},"author":2,"featured_media":0,"parent":0,"menu_order":0,"comment_status":"closed","ping_status":"closed","template":"","meta":{"footnotes":""},"class_list":["post-421","page","type-page","status-publish","hentry"],"_links":{"self":[{"href":"https:\/\/www.pomoc24.se\/index.php?rest_route=\/wp\/v2\/pages\/421","targetHints":{"allow":["GET"]}}],"collection":[{"href":"https:\/\/www.pomoc24.se\/index.php?rest_route=\/wp\/v2\/pages"}],"about":[{"href":"https:\/\/www.pomoc24.se\/index.php?rest_route=\/wp\/v2\/types\/page"}],"author":[{"embeddable":true,"href":"https:\/\/www.pomoc24.se\/index.php?rest_route=\/wp\/v2\/users\/2"}],"replies":[{"embeddable":true,"href":"https:\/\/www.pomoc24.se\/index.php?rest_route=%2Fwp%2Fv2%2Fcomments&post=421"}],"version-history":[{"count":29,"href":"https:\/\/www.pomoc24.se\/index.php?rest_route=\/wp\/v2\/pages\/421\/revisions"}],"predecessor-version":[{"id":772,"href":"https:\/\/www.pomoc24.se\/index.php?rest_route=\/wp\/v2\/pages\/421\/revisions\/772"}],"wp:attachment":[{"href":"https:\/\/www.pomoc24.se\/index.php?rest_route=%2Fwp%2Fv2%2Fmedia&parent=421"}],"curies":[{"name":"wp","href":"https:\/\/api.w.org\/{rel}","templated":true}]}}