{"id":439,"date":"2023-03-05T19:06:18","date_gmt":"2023-03-05T18:06:18","guid":{"rendered":"https:\/\/www.pomoc24.se\/?page_id=439"},"modified":"2026-02-03T11:03:17","modified_gmt":"2026-02-03T10:03:17","slug":"csn-i-zasilki-na-dzieci","status":"publish","type":"page","link":"https:\/\/www.pomoc24.se\/?page_id=439","title":{"rendered":"Zasi\u0142ki na dzieci w Polsce"},"content":{"rendered":"\n<figure class=\"wp-block-image size-large is-resized\"><img loading=\"lazy\" decoding=\"async\" width=\"1024\" height=\"469\" src=\"https:\/\/www.pomoc24.se\/wp-content\/uploads\/2023\/03\/forsakringskassan_bild-1024x469.jpg\" alt=\"\" class=\"wp-image-494\" style=\"width:375px;height:171px\" srcset=\"https:\/\/www.pomoc24.se\/wp-content\/uploads\/2023\/03\/forsakringskassan_bild-1024x469.jpg 1024w, https:\/\/www.pomoc24.se\/wp-content\/uploads\/2023\/03\/forsakringskassan_bild-300x138.jpg 300w, https:\/\/www.pomoc24.se\/wp-content\/uploads\/2023\/03\/forsakringskassan_bild-768x352.jpg 768w, https:\/\/www.pomoc24.se\/wp-content\/uploads\/2023\/03\/forsakringskassan_bild.jpg 1440w\" sizes=\"auto, (max-width: 1024px) 100vw, 1024px\" \/><\/figure>\n\n\n\n<p>W wielu przypadkach &#8211; osoba pracuj\u0105ca w Szwecji ma dzieci w wieku szkolnym ucz\u0105ce si\u0119 i mieszkaj\u0105ce w Polsce.<\/p>\n\n\n\n<p>W wi\u0119kszo\u015bci przypadk\u00f3w mo\u017cliwe jest uzyskanie ze Szwecji \u015bwiadcze\u0144 finansowych na podstawie europejskiej ustawy o koordynacji \u015bwiadcze\u0144 socjalnych w krajach Unii Europejskiej. <\/p>\n\n\n\n<p>Dzieci ucz\u0105ce si\u0119 na poziomie gimnazjalnym oraz ponadgimnazjalnym maj\u0105 ponadto prawo do pobierania ze Szwecji zasi\u0142ku na nauk\u0119 ze Szwedzkiej centrali zasi\u0142k\u00f3w studenckich CSN &#8211; o ile przynajmniej jeden z rodzic\u00f3w pracuje w Szwecji i jest tu zameldowany na sta\u0142e.<\/p>\n\n\n\n<p>Nasza firma zajmie si\u0119 ch\u0119tnie pomoc\u0105 w skompletowaniu niezb\u0119dnych dokument\u00f3w i za\u015bwiadcze\u0144 w celu zawnioskowania o taki zasi\u0142ek oraz przeprowadzi ch\u0119tnie przez ca\u0142y proces niezb\u0119dny do jego otrzymania &#8211; od z\u0142o\u017cenia wniosku a\u017c do wyp\u0142aty nale\u017cnego \u015bwiadczenia na rachunek bankowy wnioskodawcy.<\/p>\n\n\n\n<p>Mail: <a href=\"mailto:info@pomoc24.se\">info@pomoc24.se<\/a><\/p>\n\n\n\n<p><\/p>\n","protected":false},"excerpt":{"rendered":"<p>W wielu przypadkach &#8211; osoba pracuj\u0105ca w Szwecji ma dzieci w wieku szkolnym ucz\u0105ce si\u0119 i mieszkaj\u0105ce w Polsce. W wi\u0119kszo\u015bci przypadk\u00f3w mo\u017cliwe jest uzyskanie ze Szwecji \u015bwiadcze\u0144 finansowych na podstawie europejskiej ustawy o koordynacji \u015bwiadcze\u0144 socjalnych w krajach Unii &hellip; <a href=\"https:\/\/www.pomoc24.se\/?page_id=439\">Forts\u00e4tt l\u00e4sa <span class=\"meta-nav\">&rarr;<\/span><\/a><\/p>\n","protected":false},"author":2,"featured_media":0,"parent":0,"menu_order":0,"comment_status":"closed","ping_status":"closed","template":"","meta":{"footnotes":""},"class_list":["post-439","page","type-page","status-publish","hentry"],"_links":{"self":[{"href":"https:\/\/www.pomoc24.se\/index.php?rest_route=\/wp\/v2\/pages\/439","targetHints":{"allow":["GET"]}}],"collection":[{"href":"https:\/\/www.pomoc24.se\/index.php?rest_route=\/wp\/v2\/pages"}],"about":[{"href":"https:\/\/www.pomoc24.se\/index.php?rest_route=\/wp\/v2\/types\/page"}],"author":[{"embeddable":true,"href":"https:\/\/www.pomoc24.se\/index.php?rest_route=\/wp\/v2\/users\/2"}],"replies":[{"embeddable":true,"href":"https:\/\/www.pomoc24.se\/index.php?rest_route=%2Fwp%2Fv2%2Fcomments&post=439"}],"version-history":[{"count":12,"href":"https:\/\/www.pomoc24.se\/index.php?rest_route=\/wp\/v2\/pages\/439\/revisions"}],"predecessor-version":[{"id":774,"href":"https:\/\/www.pomoc24.se\/index.php?rest_route=\/wp\/v2\/pages\/439\/revisions\/774"}],"wp:attachment":[{"href":"https:\/\/www.pomoc24.se\/index.php?rest_route=%2Fwp%2Fv2%2Fmedia&parent=439"}],"curies":[{"name":"wp","href":"https:\/\/api.w.org\/{rel}","templated":true}]}}