{"id":445,"date":"2023-03-05T19:24:40","date_gmt":"2023-03-05T18:24:40","guid":{"rendered":"https:\/\/www.pomoc24.se\/?page_id=445"},"modified":"2024-01-23T18:37:42","modified_gmt":"2024-01-23T17:37:42","slug":"uslugi-dla-firm","status":"publish","type":"page","link":"https:\/\/www.pomoc24.se\/?page_id=445","title":{"rendered":"Us\u0142ugi ksi\u0119gowe dla firm"},"content":{"rendered":"\n<p>Zak\u0142adaj\u0105c dzia\u0142alno\u015b\u0107 gospodarcz\u0105 w Szwecji jeste\u015b zobowi\u0105zany do prowadzenia tzw. pe\u0142nego bokf\u00f6ringu czyli regularnego wpisywania wszystkich przychod\u00f3w i wydatk\u00f3w firmy oraz sk\u0142adania raport\u00f3w VAT &#8221;momsdeklaration&#8221; oraz rocznych zestawie\u0144 &#8221;\u00e5rsredovisning&#8221; jak r\u00f3wnie\u017c comiesi\u0119cznych deklaracji za pracownik\u00f3w &#8221;arbetsgivardeklaration&#8221; do urz\u0119du skarbowego Skatteverket. Jak r\u00f3wnie\u017c systematycznego wnoszenia op\u0142at zaliczek podatkowych na konto Urz\u0119du.<\/p>\n\n\n\n<p>Nasza firma oferuje kompleksowe prowadzenie bokf\u00f6ringu dla ma\u0142ych i \u015brednich firm o statusie &#8221;enskild firma&#8221; &#8211; w oparciu o licencjonowane programy ksi\u0119gowe firmy Visma SPCS &#8211; jednej z wiod\u0105cych firm dostarczaj\u0105cych oprogramowanie ksi\u0119guj\u0105ce na rynku szwedzkim. <\/p>\n\n\n\n<p>Zg\u0142oszenia firm ch\u0119tnych do wsp\u00f3\u0142pracy przyjmujemy mailowo: <a href=\"mailto:info@pomoc24.se\" target=\"_blank\" rel=\"noreferrer noopener\">info@pomoc24.se<\/a>.<\/p>\n\n\n\n<p>W zg\u0142oszeniu prosz\u0119 kr\u00f3tko opisa\u0107 rodzaj prowadzonej dzia\u0142alno\u015bci w Szwecji.<\/p>\n","protected":false},"excerpt":{"rendered":"<p>Zak\u0142adaj\u0105c dzia\u0142alno\u015b\u0107 gospodarcz\u0105 w Szwecji jeste\u015b zobowi\u0105zany do prowadzenia tzw. pe\u0142nego bokf\u00f6ringu czyli regularnego wpisywania wszystkich przychod\u00f3w i wydatk\u00f3w firmy oraz sk\u0142adania raport\u00f3w VAT &#8221;momsdeklaration&#8221; oraz rocznych zestawie\u0144 &#8221;\u00e5rsredovisning&#8221; jak r\u00f3wnie\u017c comiesi\u0119cznych deklaracji za pracownik\u00f3w &#8221;arbetsgivardeklaration&#8221; do urz\u0119du skarbowego Skatteverket. &hellip; <a href=\"https:\/\/www.pomoc24.se\/?page_id=445\">Forts\u00e4tt l\u00e4sa <span class=\"meta-nav\">&rarr;<\/span><\/a><\/p>\n","protected":false},"author":2,"featured_media":0,"parent":0,"menu_order":0,"comment_status":"closed","ping_status":"closed","template":"","meta":{"footnotes":""},"class_list":["post-445","page","type-page","status-publish","hentry"],"_links":{"self":[{"href":"https:\/\/www.pomoc24.se\/index.php?rest_route=\/wp\/v2\/pages\/445","targetHints":{"allow":["GET"]}}],"collection":[{"href":"https:\/\/www.pomoc24.se\/index.php?rest_route=\/wp\/v2\/pages"}],"about":[{"href":"https:\/\/www.pomoc24.se\/index.php?rest_route=\/wp\/v2\/types\/page"}],"author":[{"embeddable":true,"href":"https:\/\/www.pomoc24.se\/index.php?rest_route=\/wp\/v2\/users\/2"}],"replies":[{"embeddable":true,"href":"https:\/\/www.pomoc24.se\/index.php?rest_route=%2Fwp%2Fv2%2Fcomments&post=445"}],"version-history":[{"count":5,"href":"https:\/\/www.pomoc24.se\/index.php?rest_route=\/wp\/v2\/pages\/445\/revisions"}],"predecessor-version":[{"id":611,"href":"https:\/\/www.pomoc24.se\/index.php?rest_route=\/wp\/v2\/pages\/445\/revisions\/611"}],"wp:attachment":[{"href":"https:\/\/www.pomoc24.se\/index.php?rest_route=%2Fwp%2Fv2%2Fmedia&parent=445"}],"curies":[{"name":"wp","href":"https:\/\/api.w.org\/{rel}","templated":true}]}}