{"id":465,"date":"2023-03-10T15:28:57","date_gmt":"2023-03-10T14:28:57","guid":{"rendered":"https:\/\/www.pomoc24.se\/?page_id=465"},"modified":"2023-03-10T16:52:31","modified_gmt":"2023-03-10T15:52:31","slug":"urzad-pracy-a-kassa-i-alfa-kassa","status":"publish","type":"page","link":"https:\/\/www.pomoc24.se\/?page_id=465","title":{"rendered":"Urz\u0105d pracy \/ A-kassa i Alfa-kassa"},"content":{"rendered":"\n<figure class=\"wp-block-image size-large is-resized\"><img loading=\"lazy\" decoding=\"async\" src=\"https:\/\/www.pomoc24.se\/wp-content\/uploads\/2023\/03\/arbetsformedlingen-fasadskylt-suma-1024x273.jpg\" alt=\"\" class=\"wp-image-486\" width=\"658\" height=\"175\" srcset=\"https:\/\/www.pomoc24.se\/wp-content\/uploads\/2023\/03\/arbetsformedlingen-fasadskylt-suma-1024x273.jpg 1024w, https:\/\/www.pomoc24.se\/wp-content\/uploads\/2023\/03\/arbetsformedlingen-fasadskylt-suma-300x80.jpg 300w, https:\/\/www.pomoc24.se\/wp-content\/uploads\/2023\/03\/arbetsformedlingen-fasadskylt-suma-768x205.jpg 768w, https:\/\/www.pomoc24.se\/wp-content\/uploads\/2023\/03\/arbetsformedlingen-fasadskylt-suma.jpg 1509w\" sizes=\"auto, (max-width: 658px) 100vw, 658px\" \/><\/figure>\n\n\n\n<p>Zostaj\u0105c bezrobotnym masz obowi\u0105zek nast\u0119pnego dnia roboczego po ustaniu stosunku pracy zg\u0142osi\u0107 si\u0119 do w\u0142a\u015bciwego terytorialnie Urz\u0119du Pracy &#8221;Arbetsf\u00f6rmedlingen&#8221; ewentualnie dokona\u0107 rejestracji internetowej bezpo\u015brednio na stronie Urz\u0119du.<\/p>\n\n\n\n<p>Niedope\u0142nienie tego obowi\u0105zku mo\u017ce mie\u0107 kolosalne znaczenie przy p\u00f3\u017aniejszym naliczaniu \u015bwiadcze\u0144 emerytalnych, gdzie podstaw\u0105 jest ci\u0105g\u0142o\u015b\u0107 zatrudnienia w Szwecji.<\/p>\n\n\n\n<p>Podstawa ubiegania si\u0119 p\u00f3\u017aniej o \u015bwiadczenie z ubezpieczenia dla bezrobotnych A-kassa lub Alfa-kassa jest r\u00f3wnie\u017c niezw\u0142oczne zapisanie si\u0119 do Urz\u0119du &#8211; pierwszego dnia po ustaniu zatrudnienia &#8211; bez wzgl\u0119du na pow\u00f3d zwolnienia.<\/p>\n\n\n\n<p>Nasza firma poprowadzi ch\u0119tnie przez wszystkie &#8221;kruczki&#8221; prawne i przepisy dotycz\u0105ce wymogu aktywnego poszukiwania pracy ze strony Urz\u0119du Pracy &#8211; i zwi\u0105zanych z nim bezpo\u015brednio wyp\u0142at pieni\u0119dzy z funduszu ubezpieczenia bezrobotnych A-kassa i Alfa-kassa.<\/p>\n\n\n\n<p> Wystarczy tylko napisa\u0107: <a href=\"mailto:info@pomoc24.se\">info@pomoc24.se<\/a>. Zapraszamy !! \ud83d\udc4d Pierwsza porada bezp\u0142atna.<\/p>\n\n\n\n<figure class=\"wp-block-image size-large\"><img loading=\"lazy\" decoding=\"async\" width=\"1024\" height=\"155\" src=\"https:\/\/www.pomoc24.se\/wp-content\/uploads\/2023\/03\/fastighets-akassa-suma-1024x155.jpg\" alt=\"\" class=\"wp-image-480\" srcset=\"https:\/\/www.pomoc24.se\/wp-content\/uploads\/2023\/03\/fastighets-akassa-suma-1024x155.jpg 1024w, https:\/\/www.pomoc24.se\/wp-content\/uploads\/2023\/03\/fastighets-akassa-suma-300x45.jpg 300w, https:\/\/www.pomoc24.se\/wp-content\/uploads\/2023\/03\/fastighets-akassa-suma-768x116.jpg 768w, https:\/\/www.pomoc24.se\/wp-content\/uploads\/2023\/03\/fastighets-akassa-suma.jpg 1522w\" sizes=\"auto, (max-width: 1024px) 100vw, 1024px\" \/><\/figure>\n","protected":false},"excerpt":{"rendered":"<p>Zostaj\u0105c bezrobotnym masz obowi\u0105zek nast\u0119pnego dnia roboczego po ustaniu stosunku pracy zg\u0142osi\u0107 si\u0119 do w\u0142a\u015bciwego terytorialnie Urz\u0119du Pracy &#8221;Arbetsf\u00f6rmedlingen&#8221; ewentualnie dokona\u0107 rejestracji internetowej bezpo\u015brednio na stronie Urz\u0119du. Niedope\u0142nienie tego obowi\u0105zku mo\u017ce mie\u0107 kolosalne znaczenie przy p\u00f3\u017aniejszym naliczaniu \u015bwiadcze\u0144 emerytalnych, gdzie &hellip; <a href=\"https:\/\/www.pomoc24.se\/?page_id=465\">Forts\u00e4tt l\u00e4sa <span class=\"meta-nav\">&rarr;<\/span><\/a><\/p>\n","protected":false},"author":2,"featured_media":0,"parent":0,"menu_order":0,"comment_status":"closed","ping_status":"closed","template":"","meta":{"footnotes":""},"class_list":["post-465","page","type-page","status-publish","hentry"],"_links":{"self":[{"href":"https:\/\/www.pomoc24.se\/index.php?rest_route=\/wp\/v2\/pages\/465","targetHints":{"allow":["GET"]}}],"collection":[{"href":"https:\/\/www.pomoc24.se\/index.php?rest_route=\/wp\/v2\/pages"}],"about":[{"href":"https:\/\/www.pomoc24.se\/index.php?rest_route=\/wp\/v2\/types\/page"}],"author":[{"embeddable":true,"href":"https:\/\/www.pomoc24.se\/index.php?rest_route=\/wp\/v2\/users\/2"}],"replies":[{"embeddable":true,"href":"https:\/\/www.pomoc24.se\/index.php?rest_route=%2Fwp%2Fv2%2Fcomments&post=465"}],"version-history":[{"count":17,"href":"https:\/\/www.pomoc24.se\/index.php?rest_route=\/wp\/v2\/pages\/465\/revisions"}],"predecessor-version":[{"id":506,"href":"https:\/\/www.pomoc24.se\/index.php?rest_route=\/wp\/v2\/pages\/465\/revisions\/506"}],"wp:attachment":[{"href":"https:\/\/www.pomoc24.se\/index.php?rest_route=%2Fwp%2Fv2%2Fmedia&parent=465"}],"curies":[{"name":"wp","href":"https:\/\/api.w.org\/{rel}","templated":true}]}}