{"id":583,"date":"2023-12-20T22:48:39","date_gmt":"2023-12-20T21:48:39","guid":{"rendered":"https:\/\/www.pomoc24.se\/?page_id=583"},"modified":"2026-02-03T10:59:56","modified_gmt":"2026-02-03T09:59:56","slug":"zadluzenie-w-szwedzkim-kronofogden","status":"publish","type":"page","link":"https:\/\/www.pomoc24.se\/?page_id=583","title":{"rendered":"Zad\u0142u\u017cenie w szwedzkim Kronofogden"},"content":{"rendered":"\n<p>Wielu z Was mog\u0142o si\u0119 zdarzy\u0107, \u017ce popadli\u015bcie w Szwecji w k\u0142opoty finansowe.<\/p>\n\n\n\n<p>Albo to przez wzi\u0119cie zbyt du\u017cych kredyt\u00f3w. Albo te\u017c poprzez niew\u0142a\u015bciwe przeznaczenie \u015brodk\u00f3w finansowych, b\u0142\u0119dne inwestycje, etc.<\/p>\n\n\n\n<p>Nasza firma zajmuje si\u0119 kompleksow\u0105 ocen\u0105 sytuacji finansowej klienta oraz s\u0142u\u017cy doradztwem w zakresie mo\u017cliwo\u015bci sp\u0142aty zad\u0142u\u017cenia w szwedzkim Kronofogden lub innych instytucjach finansowych w spos\u00f3b najmniej dokuczliwy oraz najmniej obci\u0105\u017caj\u0105cy finansowo osob\u0119 zad\u0142u\u017con\u0105.<\/p>\n\n\n\n<p>W analizie sytuacji finansowej korzystamy z autoryzowanych narz\u0119dzi finansowych dost\u0119pnych na rynku szwedzkim m.in. serwisu uScore &#8211; daj\u0105cego kompleksow\u0105 ocen\u0119 sytuacji finansowej klienta oraz umo\u017cliwiaj\u0105cego opcjonalne znalezienie rozwi\u0105zania &#8211; poprzez m.in. konsolidacj\u0119 wzi\u0119tych przez zainteresowanego kredyt\u00f3w &#8211; z mo\u017cliwo\u015bci\u0105 ich logicznego sp\u0142acenia &#8211; w jak najkr\u00f3tszym mo\u017cliwym okresie czasu.<\/p>\n\n\n\n<p>Oferujemy r\u00f3wnie\u017c kompleksow\u0105 pomoc sp\u00f3\u0142kom oraz firmom jednoosobowym w znalezieniu \u017ar\u00f3d\u0142a finansowania dzia\u0142alno\u015bci gospodarczej &#8211; jak r\u00f3wnie\u017c pomagamy sp\u00f3\u0142kom i podmiotom zad\u0142u\u017conym w wyprostowaniu swojej sytuacji finansowej w wypadku popadni\u0119cia w zad\u0142u\u017cenie.<\/p>\n\n\n\n<p>Zapraszam do konsultacji !!<\/p>\n\n\n\n<p>Mail: <a href=\"mailto: dlugi@pomoc24.se\">dlugi@pomoc24.se<\/a><\/p>\n\n\n\n<p>Odpowiadamy zazwyczaj w ci\u0105gu max 24 godzin &#8211; bez wzgl\u0119du na por\u0119 dnia i tygodnia.<\/p>\n\n\n\n<p>Zapraszamy r\u00f3wnie\u017c serdecznie do skorzystania z naszego pakietu us\u0142ug <strong><a href=\"https:\/\/www.pomoc24.se\/?page_id=616\" data-type=\"URL\" data-id=\"https:\/\/www.pomoc24.se\/?page_id=616\">&#8221;Analiza kredytowa&#8221;<\/a><\/strong> dost\u0119pnego <strong><a href=\"https:\/\/www.pomoc24.se\/?page_id=616\" data-type=\"URL\" data-id=\"https:\/\/www.pomoc24.se\/?page_id=616\">tutaj<\/a><\/strong>:<\/p>\n","protected":false},"excerpt":{"rendered":"<p>Wielu z Was mog\u0142o si\u0119 zdarzy\u0107, \u017ce popadli\u015bcie w Szwecji w k\u0142opoty finansowe. Albo to przez wzi\u0119cie zbyt du\u017cych kredyt\u00f3w. Albo te\u017c poprzez niew\u0142a\u015bciwe przeznaczenie \u015brodk\u00f3w finansowych, b\u0142\u0119dne inwestycje, etc. Nasza firma zajmuje si\u0119 kompleksow\u0105 ocen\u0105 sytuacji finansowej klienta oraz &hellip; <a href=\"https:\/\/www.pomoc24.se\/?page_id=583\">Forts\u00e4tt l\u00e4sa <span class=\"meta-nav\">&rarr;<\/span><\/a><\/p>\n","protected":false},"author":2,"featured_media":0,"parent":0,"menu_order":0,"comment_status":"closed","ping_status":"closed","template":"","meta":{"footnotes":""},"class_list":["post-583","page","type-page","status-publish","hentry"],"_links":{"self":[{"href":"https:\/\/www.pomoc24.se\/index.php?rest_route=\/wp\/v2\/pages\/583","targetHints":{"allow":["GET"]}}],"collection":[{"href":"https:\/\/www.pomoc24.se\/index.php?rest_route=\/wp\/v2\/pages"}],"about":[{"href":"https:\/\/www.pomoc24.se\/index.php?rest_route=\/wp\/v2\/types\/page"}],"author":[{"embeddable":true,"href":"https:\/\/www.pomoc24.se\/index.php?rest_route=\/wp\/v2\/users\/2"}],"replies":[{"embeddable":true,"href":"https:\/\/www.pomoc24.se\/index.php?rest_route=%2Fwp%2Fv2%2Fcomments&post=583"}],"version-history":[{"count":18,"href":"https:\/\/www.pomoc24.se\/index.php?rest_route=\/wp\/v2\/pages\/583\/revisions"}],"predecessor-version":[{"id":773,"href":"https:\/\/www.pomoc24.se\/index.php?rest_route=\/wp\/v2\/pages\/583\/revisions\/773"}],"wp:attachment":[{"href":"https:\/\/www.pomoc24.se\/index.php?rest_route=%2Fwp%2Fv2%2Fmedia&parent=583"}],"curies":[{"name":"wp","href":"https:\/\/api.w.org\/{rel}","templated":true}]}}