{"id":616,"date":"2024-02-06T11:03:58","date_gmt":"2024-02-06T10:03:58","guid":{"rendered":"https:\/\/www.pomoc24.se\/?page_id=616"},"modified":"2026-02-03T10:52:11","modified_gmt":"2026-02-03T09:52:11","slug":"pakiety-uslug","status":"publish","type":"page","link":"https:\/\/www.pomoc24.se\/?page_id=616","title":{"rendered":"Pakiety us\u0142ug:"},"content":{"rendered":"\n<p><strong>Pakiet &#8221;Deklaracja&#8221;<\/strong><\/p>\n\n\n\n<p>-\/ Analiza zapis\u00f3w deklaracji podatkowej pod k\u0105tem prawid\u0142owo\u015bci dokonanych wpis\u00f3w od urz\u0119d\u00f3w i pracodawc\u00f3w oraz prawid\u0142owo\u015bci odprowadzonego przez nich zaliczkowego podatku dochodowego<\/p>\n\n\n\n<p>-\/ Zaproponowanie mo\u017cliwych odlicze\u0144 od przychodu &#8211; dochodu w roku podatkowym<\/p>\n\n\n\n<p>-\/ Analiza mo\u017cliwo\u015bci zmiany &#8221;grundavdrag&#8221; w oparciu o ilo\u015b\u0107 dni przepracowanych w Szwecji  &#8211; na korzy\u015b\u0107 podatnika &#8211; dotyczy os\u00f3b pracuj\u0105cych w Szwecji czasowo lub os\u00f3b kt\u00f3re w trakcie roku podatkowego dokona\u0142y zmiany numeru organizacyjnego na sta\u0142y numer personalny<\/p>\n\n\n\n<p>-\/ Kontrola podanego konta do zwrotu podatku &#8211; ew. instrukcja jego uzupe\u0142nienia<\/p>\n\n\n\n<p>-\/ Instrukcja wype\u0142nienia \/ korekty rubryk deklaracji do zgodno\u015bci z dokonanymi ustaleniami<\/p>\n\n\n\n<p>-\/ Pomoc w obliczeniach rachunkowych <\/p>\n\n\n\n<p>-\/ Instrukcja w sprawie wysy\u0142ki deklaracji do Urz\u0119du<\/p>\n\n\n\n<p><strong>Koszt: 700 kr brutto \/ 300 z\u0142 brutto<\/strong> <strong> \/ 62 euro brutto<\/strong><\/p>\n\n\n\n<p>Mail: <a href=\"mailto:podatki@pomoc24.se\">podatki@pomoc24.se<\/a><\/p>\n\n\n\n<p><\/p>\n\n\n\n<p><strong>Pakiet &#8221;Analiza kredytowa&#8221;<\/strong><\/p>\n\n\n\n<p>-\/ Analiza zapis\u00f3w oraz ocena zdolno\u015bci kredytowej klienta w oparciu o dostarczony raport z UC (Upplysningscentralen)<\/p>\n\n\n\n<p>-\/ Analiza mo\u017cliwo\u015bci konsolidacji kredyt\u00f3w w oparciu o z\u0142o\u017cony miesi\u0119czny bilans dochod\u00f3w i wydatk\u00f3w klienta<\/p>\n\n\n\n<p>-\/ Pomoc w z\u0142o\u017ceniu wniosku o konsolidacj\u0119 u jednego z autoryzowanych po\u015brednik\u00f3w kredytowych w Szwecji<\/p>\n\n\n\n<p>-\/ Analiza otrzymanych wynik\u00f3w i pomoc w doborze odpowiedniego do sytuacji klienta po\u017cyczkodawcy do dalszej wsp\u00f3\u0142pracy <\/p>\n\n\n\n<p><strong>Koszt: 700 kr brutto \/ 300 z\u0142 brutto<\/strong> <strong>\/ 62 euro brutto<\/strong><\/p>\n\n\n\n<p>Mail: <a href=\"mailto:dlugi@pomoc24.se\">dlugi@pomoc24.se<\/a><\/p>\n\n\n\n<p>Wp\u0142at nale\u017cy dokonywa\u0107 wg informacji podanych <strong>w zak\u0142adce:<\/strong> <strong><a href=\"https:\/\/www.pomoc24.se\/?page_id=126\" data-type=\"URL\" data-id=\"https:\/\/www.pomoc24.se\/?page_id=126\">Numery kont<\/a><\/strong><\/p>\n\n\n\n<p>W tytule przelewu prosz\u0119 wpisa\u0107: <strong>Pomoc24.se\/Pakiet<\/strong>&#8230;(tu prosz\u0119 poda\u0107 nazw\u0119 wybranego pakietu us\u0142ug)<\/p>\n","protected":false},"excerpt":{"rendered":"<p>Pakiet &#8221;Deklaracja&#8221; -\/ Analiza zapis\u00f3w deklaracji podatkowej pod k\u0105tem prawid\u0142owo\u015bci dokonanych wpis\u00f3w od urz\u0119d\u00f3w i pracodawc\u00f3w oraz prawid\u0142owo\u015bci odprowadzonego przez nich zaliczkowego podatku dochodowego -\/ Zaproponowanie mo\u017cliwych odlicze\u0144 od przychodu &#8211; dochodu w roku podatkowym -\/ Analiza mo\u017cliwo\u015bci zmiany &#8221;grundavdrag&#8221; &hellip; <a href=\"https:\/\/www.pomoc24.se\/?page_id=616\">Forts\u00e4tt l\u00e4sa <span class=\"meta-nav\">&rarr;<\/span><\/a><\/p>\n","protected":false},"author":2,"featured_media":0,"parent":0,"menu_order":0,"comment_status":"closed","ping_status":"closed","template":"","meta":{"footnotes":""},"class_list":["post-616","page","type-page","status-publish","hentry"],"_links":{"self":[{"href":"https:\/\/www.pomoc24.se\/index.php?rest_route=\/wp\/v2\/pages\/616","targetHints":{"allow":["GET"]}}],"collection":[{"href":"https:\/\/www.pomoc24.se\/index.php?rest_route=\/wp\/v2\/pages"}],"about":[{"href":"https:\/\/www.pomoc24.se\/index.php?rest_route=\/wp\/v2\/types\/page"}],"author":[{"embeddable":true,"href":"https:\/\/www.pomoc24.se\/index.php?rest_route=\/wp\/v2\/users\/2"}],"replies":[{"embeddable":true,"href":"https:\/\/www.pomoc24.se\/index.php?rest_route=%2Fwp%2Fv2%2Fcomments&post=616"}],"version-history":[{"count":20,"href":"https:\/\/www.pomoc24.se\/index.php?rest_route=\/wp\/v2\/pages\/616\/revisions"}],"predecessor-version":[{"id":768,"href":"https:\/\/www.pomoc24.se\/index.php?rest_route=\/wp\/v2\/pages\/616\/revisions\/768"}],"wp:attachment":[{"href":"https:\/\/www.pomoc24.se\/index.php?rest_route=%2Fwp%2Fv2%2Fmedia&parent=616"}],"curies":[{"name":"wp","href":"https:\/\/api.w.org\/{rel}","templated":true}]}}