{"id":98,"date":"2023-01-10T23:20:50","date_gmt":"2023-01-10T22:20:50","guid":{"rendered":"https:\/\/www.pomoc24.se\/?page_id=98"},"modified":"2025-12-22T20:46:55","modified_gmt":"2025-12-22T19:46:55","slug":"podstawowe-oplaty","status":"publish","type":"page","link":"https:\/\/www.pomoc24.se\/?page_id=98","title":{"rendered":"Podstawowe op\u0142aty:"},"content":{"rendered":"\n<p>Wst\u0119pne rozpoznanie sprawy &#8211; konsultacja wst\u0119pna &#8211; w wymiarze nie przekraczaj\u0105cym <strong>15 min<\/strong> pracy &#8211; <strong>jest bezp\u0142atna<\/strong>.<\/p>\n\n\n\n<p>W ramach konsultacji wst\u0119pnej wykonujemy og\u00f3ln\u0105 ocen\u0119 zg\u0142oszonego problemu i dajemy odpowied\u017a czy podejmiemy si\u0119 jego rozwi\u0105zania. Przekazujemy szacunkow\u0105 warto\u015b\u0107 ca\u0142ego zlecenia oraz przewidywany czas jego wykonania. <\/p>\n\n\n\n<p>Podstawowa konsultacja zasadnicza kosztuje <strong>350 kr \/ 150 z\u0142 polskich \/ 31 euro<\/strong> &#8211; w wymiarze us\u0142ugi nie przekraczaj\u0105cym jednej godziny pracy.<\/p>\n\n\n\n<p>W ramach konsultacji zasadniczej pr\u00f3bujemy rozwi\u0105za\u0107 zg\u0142oszony problem, podajemy jakie przepisy obowi\u0105zuj\u0105 w danej sprawie oraz w jaki spos\u00f3b mo\u017cna je zastosowa\u0107 w zg\u0142oszonym przypadku. Pomagamy w obliczeniach rachunkowych, pomagamy wype\u0142ni\u0107 dokumenty urz\u0119dowe, t\u0142umaczymy kwestie sporne z j\u0119zyka szwedzkiego na polski, wyja\u015bniamy obowi\u0105zuj\u0105ce procedury, etc.<\/p>\n\n\n\n<p>Op\u0142at\u0119 za konsultacj\u0119 podstawow\u0105, w wymiarze nie przekraczajacym jednej godziny pracy &#8211; <strong>wnosi si\u0119<\/strong> <u><strong>z g\u00f3ry<\/strong><\/u>.<\/p>\n\n\n\n<p>Op\u0142at\u0119 za dodatkowe godziny konsultacji, przekraczajace standardow\u0105 godzin\u0119, wnosi si\u0119 wy\u0142\u0105cznie po przedstawieniu i zaakceptowaniu kosztorysu ju\u017c wykonanych czynno\u015bci, w ramach op\u0142aconej ju\u017c wcze\u015bniej godziny podstawowej.<\/p>\n\n\n\n<p>Za now\u0105 konsultacj\u0119 przyjmuje si\u0119 fakt, kiedy od poprzednio dokonanej konsultacji min\u0119\u0142o wi\u0119cej ni\u017c 7 dni.<\/p>\n\n\n\n<p>W przypadkach, kiedy z r\u00f3\u017cnych powod\u00f3w nie mo\u017cemy podj\u0105\u0107 si\u0119 realizacji us\u0142ugi &#8211; przekazujemy kontakt do osoby czy firmy, kt\u00f3ra mo\u017ce podj\u0105\u0107 si\u0119 odp\u0142atnego i rzeczowego rozwi\u0105zania zg\u0142oszonej sprawy.<\/p>\n\n\n\n<p>Wszelkie dane osobowe podane w trakcie konsultacji s\u0105 przechowywane i przetwarzane w oparciu o klauzul\u0119 ochrony danych osobowych RODO. Zlecaj\u0105cemu konsultacj\u0119 przys\u0142uguje prawo wgl\u0105du do swoich danych oraz \u017c\u0105danie ich bezpowrotnego usuni\u0119cia, bezpo\u015brednio po zako\u0144czeniu konsultacji.<\/p>\n\n\n\n<p>Wp\u0142aty za konsultacj\u0119 mo\u017cna dokonywa\u0107 na szwedzkie konto bankowe, poprzez BankGiro, poprzez Swish, na polskie konto bankowe, poprzez BLIK jak r\u00f3wnie\u017c w euro poprzez przelew na rachunek bankowy prowadzony w euro. <\/p>\n\n\n\n<p>Dane kont do wp\u0142aty w r\u00f3\u017cnych walutach znajduj\u0105 si\u0119 <a href=\"https:\/\/www.pomoc24.se\/?page_id=126\" target=\"_blank\" rel=\"noreferrer noopener\">tutaj<\/a>.<\/p>\n\n\n\n<p>Zapraszamy r\u00f3wnie\u017c do sprawdzenia naszych atrakcyjnych pakiet\u00f3w us\u0142ug dost\u0119pnych <strong><a href=\"https:\/\/www.pomoc24.se\/?page_id=616\">tutaj<\/a><\/strong>. Korzystaj\u0105c z pakietu otrzymujecie Pa\u0144stwo ju\u017c konkretn\u0105 opisana us\u0142ug\u0119 w sta\u0142ej, ju\u017c okre\u015blonej z g\u00f3ry cenie za ca\u0142o\u015b\u0107 us\u0142ugi.<\/p>\n\n\n\n<p class=\"has-medium-font-size\"><strong>Dodatkowe op\u0142aty:<\/strong><\/p>\n\n\n\n<ul class=\"wp-block-list\">\n<li>Pisanie poda\u0144 i odwo\u0142a\u0144 &#8211; 350 kr \/ 150 z\u0142 \/ 31 euro &#8211; za ka\u017cde pismo.<\/li>\n\n\n\n<li>T\u0142umaczenia dokument\u00f3w &#8211; 350 kr \/ 150 z\u0142 \/ 31 euro &#8211; za ka\u017cde pismo.<\/li>\n\n\n\n<li>Wype\u0142nianie dokument\u00f3w urz\u0119dowych &#8211; 350 kr \/ 150 z\u0142 \/ 31 euro &#8211; za ka\u017cdy dokument.<\/li>\n\n\n\n<li>Pomoc osobista w Urz\u0119dzie &#8211; 350 kr \/ 150 z\u0142 \/ 31 euro &#8211; za ka\u017cd\u0105 rozpocz\u0119t\u0105 godzin\u0119 pracy.<\/li>\n\n\n\n<li>Dojazd do klienta \/ urz\u0119du &#8211; 2,5 kr \/ 1 z\u0142 \/ 0,22 euro \/ km &#8211; dotyczy wyjazd\u00f3w poza Malm\u00f6 na odleg\u0142o\u015b\u0107 wi\u0119ksz\u0105 ni\u017c 10 km. <\/li>\n<\/ul>\n\n\n\n<figure class=\"wp-block-image size-full\"><img loading=\"lazy\" decoding=\"async\" width=\"719\" height=\"720\" src=\"https:\/\/www.pomoc24.se\/wp-content\/uploads\/2023\/01\/scales-36417_960_720-1.png\" alt=\"\" class=\"wp-image-218\" srcset=\"https:\/\/www.pomoc24.se\/wp-content\/uploads\/2023\/01\/scales-36417_960_720-1.png 719w, https:\/\/www.pomoc24.se\/wp-content\/uploads\/2023\/01\/scales-36417_960_720-1-300x300.png 300w, https:\/\/www.pomoc24.se\/wp-content\/uploads\/2023\/01\/scales-36417_960_720-1-150x150.png 150w\" sizes=\"auto, (max-width: 719px) 100vw, 719px\" \/><\/figure>\n\n\n<p><\/p>\n<p>Na wykonan\u0105 us\u0142ug\u0119 wystawiamy pokwitowanie imienne ew faktur\u0119 VAT.<\/p>\n<p>Dane do wystawienia paragonu ew faktury VAT prosimy poda\u0107 w momencie sk\u0142adania zam\u00f3wienia na nasz\u0105 us\u0142ug\u0119.<\/p>\n<p>Konsultacje i porady przekraczaj\u0105ce standardow\u0105 godzin\u0119 pracy wyceniane s\u0105 indywidualnie w momencie podj\u0119cia przez nas zlecenia us\u0142ugi.&nbsp;<\/p>","protected":false},"excerpt":{"rendered":"<p>Wst\u0119pne rozpoznanie sprawy &#8211; konsultacja wst\u0119pna &#8211; w wymiarze nie przekraczaj\u0105cym 15 min pracy &#8211; jest bezp\u0142atna. W ramach konsultacji wst\u0119pnej wykonujemy og\u00f3ln\u0105 ocen\u0119 zg\u0142oszonego problemu i dajemy odpowied\u017a czy podejmiemy si\u0119 jego rozwi\u0105zania. Przekazujemy szacunkow\u0105 warto\u015b\u0107 ca\u0142ego zlecenia oraz &hellip; <a href=\"https:\/\/www.pomoc24.se\/?page_id=98\">Forts\u00e4tt l\u00e4sa <span class=\"meta-nav\">&rarr;<\/span><\/a><\/p>\n","protected":false},"author":2,"featured_media":0,"parent":0,"menu_order":0,"comment_status":"closed","ping_status":"closed","template":"","meta":{"footnotes":""},"class_list":["post-98","page","type-page","status-publish","hentry"],"_links":{"self":[{"href":"https:\/\/www.pomoc24.se\/index.php?rest_route=\/wp\/v2\/pages\/98","targetHints":{"allow":["GET"]}}],"collection":[{"href":"https:\/\/www.pomoc24.se\/index.php?rest_route=\/wp\/v2\/pages"}],"about":[{"href":"https:\/\/www.pomoc24.se\/index.php?rest_route=\/wp\/v2\/types\/page"}],"author":[{"embeddable":true,"href":"https:\/\/www.pomoc24.se\/index.php?rest_route=\/wp\/v2\/users\/2"}],"replies":[{"embeddable":true,"href":"https:\/\/www.pomoc24.se\/index.php?rest_route=%2Fwp%2Fv2%2Fcomments&post=98"}],"version-history":[{"count":86,"href":"https:\/\/www.pomoc24.se\/index.php?rest_route=\/wp\/v2\/pages\/98\/revisions"}],"predecessor-version":[{"id":761,"href":"https:\/\/www.pomoc24.se\/index.php?rest_route=\/wp\/v2\/pages\/98\/revisions\/761"}],"wp:attachment":[{"href":"https:\/\/www.pomoc24.se\/index.php?rest_route=%2Fwp%2Fv2%2Fmedia&parent=98"}],"curies":[{"name":"wp","href":"https:\/\/api.w.org\/{rel}","templated":true}]}}